{"id":614,"date":"2023-11-24T12:45:22","date_gmt":"2023-11-24T11:45:22","guid":{"rendered":"https:\/\/stubau.at\/?page_id=614"},"modified":"2024-02-26T23:00:17","modified_gmt":"2024-02-26T22:00:17","slug":"kontakt","status":"publish","type":"page","link":"https:\/\/www.stubau.at\/sk\/kontakt\/","title":{"rendered":"Kontakt"},"content":{"rendered":"<p>[et_pb_section fb_built=&#8220;1&#8243; _builder_version=&#8220;4.23&#8243; _module_preset=&#8220;default&#8220; background_color=&#8220;#323232&#8243; border_width_bottom=&#8220;6px&#8220; border_color_bottom=&#8220;#139CD8&#8243; global_colors_info=&#8220;{}&#8220;][et_pb_row _builder_version=&#8220;4.23&#8243; _module_preset=&#8220;default&#8220; global_colors_info=&#8220;{}&#8220;][et_pb_column type=&#8220;4_4&#8243; _builder_version=&#8220;4.23&#8243; _module_preset=&#8220;default&#8220; global_colors_info=&#8220;{}&#8220;][et_pb_post_title meta=&#8220;off&#8220; featured_image=&#8220;off&#8220; text_color=&#8220;light&#8220; _builder_version=&#8220;4.23&#8243; _module_preset=&#8220;default&#8220; text_orientation=&#8220;center&#8220; global_colors_info=&#8220;{}&#8220;][\/et_pb_post_title][\/et_pb_column][\/et_pb_row][\/et_pb_section][et_pb_section fb_built=&#8220;1&#8243; _builder_version=&#8220;4.23&#8243; _module_preset=&#8220;default&#8220; background_enable_color=&#8220;off&#8220; background_enable_image=&#8220;off&#8220; background_size=&#8220;initial&#8220; background_position=&#8220;bottom_center&#8220; background_repeat=&#8220;repeat-x&#8220; custom_padding=&#8220;||0px|||&#8220; global_colors_info=&#8220;{}&#8220;][et_pb_row _builder_version=&#8220;4.23&#8243; _module_preset=&#8220;default&#8220; global_colors_info=&#8220;{}&#8220;][et_pb_column type=&#8220;4_4&#8243; _builder_version=&#8220;4.23&#8243; _module_preset=&#8220;default&#8220; global_colors_info=&#8220;{}&#8220;][et_pb_text _builder_version=&#8220;4.23.1&#8243; _module_preset=&#8220;default&#8220; text_orientation=&#8220;center&#8220; global_colors_info=&#8220;{}&#8220;]<\/p>\n<h2>Spojte sa s nami a dohodnite si stretnutie<\/h2>\n<p>St\u00e1le v\u00e1hate, \u010di sa pusti\u0165 do rekon\u0161trukcie? M\u00e1te ot\u00e1zky alebo nejasnosti, na ktor\u00e9 potrebujete odpovede? Nev\u00e1hajte a dajte n\u00e1m vedie\u0165. Na\u0161i pracovn\u00edci v\u00e1m radi pom\u00f4\u017eu a odpovedia na v\u0161etky ot\u00e1zky oh\u013eadne rekon\u0161trukcie. S nami je to jednoduch\u0161ie.<\/p>\n<p>[\/et_pb_text][\/et_pb_column][\/et_pb_row][et_pb_row column_structure=&#8220;1_2,1_2&#8243; use_custom_gutter=&#8220;on&#8220; gutter_width=&#8220;2&#8243; make_equal=&#8220;on&#8220; _builder_version=&#8220;4.24.2&#8243; _module_preset=&#8220;default&#8220; module_alignment=&#8220;center&#8220; hover_enabled=&#8220;0&#8243; locked=&#8220;off&#8220; global_colors_info=&#8220;{}&#8220; sticky_enabled=&#8220;0&#8243;][et_pb_column type=&#8220;1_2&#8243; _builder_version=&#8220;4.24.2&#8243; _module_preset=&#8220;default&#8220; background_color=&#8220;#FFFFFF&#8220; custom_padding=&#8220;30px|30px|30px|30px|true|true&#8220; hover_enabled=&#8220;0&#8243; border_radii=&#8220;on|1px|1px|1px|1px&#8220; border_color_all=&#8220;#CCCCCC&#8220; border_width_top=&#8220;1px&#8220; border_width_right=&#8220;1px&#8220; border_width_bottom=&#8220;6px&#8220; border_color_bottom=&#8220;#139CD8&#8243; border_width_left=&#8220;1px&#8220; global_colors_info=&#8220;{}&#8220; sticky_enabled=&#8220;0&#8243; link_option_url=&#8220;tel:+421904637171&#8243; link_option_url_new_window=&#8220;on&#8220;][et_pb_blurb title=&#8220;Zavolajte n\u00e1m&#8220; image=&#8220;https:\/\/stubau.at\/wp-content\/uploads\/2023\/11\/ikon-tel.png&#8220; image_icon_width=&#8220;60%&#8220; _builder_version=&#8220;4.24.2&#8243; _module_preset=&#8220;default&#8220; header_level=&#8220;h3&#8243; body_text_color=&#8220;#139CD8&#8243; body_font_size=&#8220;22px&#8220; text_orientation=&#8220;center&#8220; custom_padding=&#8220;||0px|||&#8220; hover_enabled=&#8220;0&#8243; global_colors_info=&#8220;{}&#8220; sticky_enabled=&#8220;0&#8243;]<\/p>\n<p>+421 904 637 171<\/p>\n<p>[\/et_pb_blurb][\/et_pb_column][et_pb_column type=&#8220;1_2&#8243; _builder_version=&#8220;4.24.2&#8243; _module_preset=&#8220;default&#8220; background_color=&#8220;#FFFFFF&#8220; custom_padding=&#8220;30px|30px|30px|30px|true|true&#8220; hover_enabled=&#8220;0&#8243; border_radii=&#8220;on|1px|1px|1px|1px&#8220; border_color_all=&#8220;#CCCCCC&#8220; border_width_top=&#8220;1px&#8220; border_width_right=&#8220;1px&#8220; border_width_bottom=&#8220;6px&#8220; border_color_bottom=&#8220;#139CD8&#8243; border_width_left=&#8220;1px&#8220; global_colors_info=&#8220;{}&#8220; link_option_url=&#8220;mailto:info@stubau.at&#8220; link_option_url_new_window=&#8220;on&#8220; sticky_enabled=&#8220;0&#8243;][et_pb_blurb title=&#8220;Po\u0161lite n\u00e1m email&#8220; image=&#8220;https:\/\/stubau.at\/wp-content\/uploads\/2023\/11\/ikon-email.png&#8220; image_icon_width=&#8220;60%&#8220; _builder_version=&#8220;4.24.2&#8243; _module_preset=&#8220;default&#8220; header_level=&#8220;h3&#8243; body_text_color=&#8220;#139CD8&#8243; body_font_size=&#8220;22px&#8220; text_orientation=&#8220;center&#8220; custom_padding=&#8220;||0px|||&#8220; hover_enabled=&#8220;0&#8243; global_colors_info=&#8220;{}&#8220; sticky_enabled=&#8220;0&#8243;]<\/p>\n<p>info@stubau.at<\/p>\n<p>[\/et_pb_blurb][\/et_pb_column][\/et_pb_row][et_pb_row _builder_version=&#8220;4.23&#8243; _module_preset=&#8220;default&#8220; global_colors_info=&#8220;{}&#8220;][et_pb_column type=&#8220;4_4&#8243; _builder_version=&#8220;4.23&#8243; _module_preset=&#8220;default&#8220; global_colors_info=&#8220;{}&#8220;][et_pb_text _builder_version=&#8220;4.23.1&#8243; _module_preset=&#8220;default&#8220; text_orientation=&#8220;center&#8220; global_colors_info=&#8220;{}&#8220;]<\/p>\n<h2>Po\u0161lite n\u00e1m spr\u00e1vu<\/h2>\n<p>Po\u0161lite n\u00e1m spr\u00e1vu pomocou formul\u00e1ra ni\u017e\u0161ie a na\u0161i pracovn\u00edci v\u00e1s bud\u00fa \u010do najsk\u00f4r kontaktova\u0165.<\/p>\n<p>[\/et_pb_text][\/et_pb_column][\/et_pb_row][et_pb_row _builder_version=&#8220;4.23.1&#8243; _module_preset=&#8220;default&#8220; max_width=&#8220;600px&#8220; module_alignment=&#8220;center&#8220; global_colors_info=&#8220;{}&#8220;][et_pb_column type=&#8220;4_4&#8243; _builder_version=&#8220;4.23.1&#8243; _module_preset=&#8220;default&#8220; global_colors_info=&#8220;{}&#8220;][wpforms_selector form_id=&#8220;1491&#8243; _builder_version=&#8220;4.23.4&#8243; _module_preset=&#8220;default&#8220; global_colors_info=&#8220;{}&#8220;][\/wpforms_selector][\/et_pb_column][\/et_pb_row][\/et_pb_section]<\/p>\n","protected":false},"excerpt":{"rendered":"<p>Spojte sa s nami a dohodnite si stretnutie St\u00e1le v\u00e1hate, \u010di sa pusti\u0165 do rekon\u0161trukcie? M\u00e1te ot\u00e1zky alebo nejasnosti, na ktor\u00e9 potrebujete odpovede? Nev\u00e1hajte a dajte n\u00e1m vedie\u0165. Na\u0161i pracovn\u00edci v\u00e1m radi pom\u00f4\u017eu a odpovedia na v\u0161etky ot\u00e1zky oh\u013eadne rekon\u0161trukcie. S nami je to jednoduch\u0161ie.+421 904 637 171info@stubau.atPo\u0161lite n\u00e1m spr\u00e1vu Po\u0161lite n\u00e1m spr\u00e1vu pomocou formul\u00e1ra ni\u017e\u0161ie a na\u0161i pracovn\u00edci v\u00e1s bud\u00fa \u010do najsk\u00f4r kontaktova\u0165.<div class=\"et_pb_module wpforms_selector wpforms_selector_0\">\n\t\t\t\t\n\t\t\t\t\n\t\t\t\t\n\t\t\t\t\n\t\t\t\t\n\t\t\t\t\n\t\t\t\t<div class=\"et_pb_module_inner\">\n\t\t\t\t\t<style id=\"wpforms-css-vars-1491\">\n\t\t\t\t#wpforms-1491 {\n\t\t\t\t\n\t\t\t}\n\t\t\t<\/style><div class=\"wpforms-container wpforms-container-full wpforms-render-modern\" id=\"wpforms-1491\"><form id=\"wpforms-form-1491\" class=\"wpforms-validate wpforms-form wpforms-ajax-form\" data-formid=\"1491\" method=\"post\" enctype=\"multipart\/form-data\" action=\"\/sk\/wp-json\/wp\/v2\/pages\/614\" data-token=\"c988e285afaeb17f26d57bbf4781f06a\" data-token-time=\"1777101540\"><noscript class=\"wpforms-error-noscript\">Please enable JavaScript in your browser to complete this form.<\/noscript><div id=\"wpforms-error-noscript\" style=\"display: none;\">Please enable JavaScript in your browser to complete this form.<\/div><div class=\"wpforms-field-container\"><div id=\"wpforms-1491-field_0-container\" class=\"wpforms-field wpforms-field-name\" data-field-id=\"0\"><label class=\"wpforms-field-label\" for=\"wpforms-1491-field_0\">Meno a priezvisko <span class=\"wpforms-required-label\" aria-hidden=\"true\">*<\/span><\/label><input type=\"text\" id=\"wpforms-1491-field_0\" class=\"wpforms-field-large wpforms-field-required\" name=\"wpforms[fields][0]\" aria-errormessage=\"wpforms-1491-field_0-error\" required><\/div><div id=\"wpforms-1491-field_1-container\" class=\"wpforms-field wpforms-field-email\" data-field-id=\"1\"><label class=\"wpforms-field-label\" for=\"wpforms-1491-field_1\">Email <span class=\"wpforms-required-label\" aria-hidden=\"true\">*<\/span><\/label><input type=\"email\" id=\"wpforms-1491-field_1\" class=\"wpforms-field-large wpforms-field-required\" name=\"wpforms[fields][1]\" spellcheck=\"false\" aria-errormessage=\"wpforms-1491-field_1-error\" required><\/div><div id=\"wpforms-1491-field_3-container\" class=\"wpforms-field wpforms-field-text\" data-field-id=\"3\"><label class=\"wpforms-field-label\" for=\"wpforms-1491-field_3\">Tel. \u010d\u00edslo <span class=\"wpforms-required-label\" aria-hidden=\"true\">*<\/span><\/label><input type=\"text\" id=\"wpforms-1491-field_3\" class=\"wpforms-field-large wpforms-field-required\" name=\"wpforms[fields][3]\" aria-errormessage=\"wpforms-1491-field_3-error\" required><\/div><div id=\"wpforms-1491-field_4-container\" class=\"wpforms-field wpforms-field-select wpforms-field-select-style-classic\" data-field-id=\"4\"><label class=\"wpforms-field-label\" for=\"wpforms-1491-field_4\">Chcem vyu\u017ei\u0165 va\u0161e slu\u017eby<\/label><select id=\"wpforms-1491-field_4\" class=\"wpforms-field-large\" name=\"wpforms[fields][4]\"><option value=\"Rekon\u0161trukcia bytu\"  class=\"choice-1 depth-1\"  >Rekon\u0161trukcia bytu<\/option><option value=\"Rekon\u0161trukcia domu\"  class=\"choice-2 depth-1\"  >Rekon\u0161trukcia domu<\/option><option value=\"Rekon\u0161trukcia k\u00fape\u013ene a wc\"  class=\"choice-3 depth-1\"  >Rekon\u0161trukcia k\u00fape\u013ene a wc<\/option><option value=\"Dokon\u010denie interi\u00e9ru holobytu\"  class=\"choice-4 depth-1\"  >Dokon\u010denie interi\u00e9ru holobytu<\/option><option value=\"Dokon\u010denie interi\u00e9ru holodomu\"  class=\"choice-5 depth-1\"  >Dokon\u010denie interi\u00e9ru holodomu<\/option><option value=\"In\u00e9 pr\u00e1ce\"  class=\"choice-6 depth-1\"  >In\u00e9 pr\u00e1ce<\/option><\/select><\/div><div id=\"wpforms-1491-field_2-container\" class=\"wpforms-field wpforms-field-textarea\" data-field-id=\"2\"><label class=\"wpforms-field-label\" for=\"wpforms-1491-field_2\">Spr\u00e1va <span class=\"wpforms-required-label\" aria-hidden=\"true\">*<\/span><\/label><textarea id=\"wpforms-1491-field_2\" class=\"wpforms-field-large wpforms-field-required\" name=\"wpforms[fields][2]\" aria-errormessage=\"wpforms-1491-field_2-error\" required><\/textarea><\/div><div id=\"wpforms-1491-field_5-container\" class=\"wpforms-field wpforms-field-gdpr-checkbox\" data-field-id=\"5\"><label class=\"wpforms-field-label\">GDPR s\u00fahlas <span class=\"wpforms-required-label\" aria-hidden=\"true\">*<\/span><\/label><ul id=\"wpforms-1491-field_5\" class=\"wpforms-field-required\"><li class=\"choice-1\"><input type=\"checkbox\" id=\"wpforms-1491-field_5_1\" name=\"wpforms[fields][5][]\" value=\"S\u00fahlas\u00edm s t\u00fdm, aby webov\u00e1 str\u00e1nka uchov\u00e1vala odoslan\u00e9 inform\u00e1cie za \u00fa\u010delom sp\u00e4tnej v\u00e4zby na moju spr\u00e1vu\" aria-errormessage=\"wpforms-1491-field_5_1-error\" required ><label class=\"wpforms-field-label-inline\" for=\"wpforms-1491-field_5_1\">S\u00fahlas\u00edm s t\u00fdm, aby webov\u00e1 str\u00e1nka uchov\u00e1vala odoslan\u00e9 inform\u00e1cie za \u00fa\u010delom sp\u00e4tnej v\u00e4zby na moju spr\u00e1vu<\/label><\/li><\/ul><\/div><\/div><!-- .wpforms-field-container --><div class=\"wpforms-submit-container\" ><input type=\"hidden\" name=\"wpforms[id]\" value=\"1491\"><input type=\"hidden\" name=\"page_title\" value=\"\"><input type=\"hidden\" name=\"page_url\" value=\"https:\/\/www.stubau.at\/sk\/wp-json\/wp\/v2\/pages\/614\"><input type=\"hidden\" name=\"url_referer\" value=\"\"><button type=\"submit\" name=\"wpforms[submit]\" id=\"wpforms-submit-1491\" class=\"wpforms-submit\" data-alt-text=\"Odosielam ...\" data-submit-text=\"Odosla\u0165\" aria-live=\"assertive\" value=\"wpforms-submit\">Odosla\u0165<\/button><img loading=\"lazy\" decoding=\"async\" src=\"https:\/\/www.stubau.at\/wp-content\/plugins\/wpforms-lite\/assets\/images\/submit-spin.svg\" class=\"wpforms-submit-spinner\" style=\"display: none;\" width=\"26\" height=\"26\" alt=\"Loading\"><\/div><\/form><\/div>  <!-- .wpforms-container -->\n\t\t\t\t<\/div>\n\t\t\t<\/div><\/p>\n","protected":false},"author":1,"featured_media":0,"parent":0,"menu_order":0,"comment_status":"closed","ping_status":"closed","template":"","meta":{"_et_pb_use_builder":"on","_et_pb_old_content":"","_et_gb_content_width":"","footnotes":""},"class_list":["post-614","page","type-page","status-publish","hentry"],"_links":{"self":[{"href":"https:\/\/www.stubau.at\/sk\/wp-json\/wp\/v2\/pages\/614","targetHints":{"allow":["GET"]}}],"collection":[{"href":"https:\/\/www.stubau.at\/sk\/wp-json\/wp\/v2\/pages"}],"about":[{"href":"https:\/\/www.stubau.at\/sk\/wp-json\/wp\/v2\/types\/page"}],"author":[{"embeddable":true,"href":"https:\/\/www.stubau.at\/sk\/wp-json\/wp\/v2\/users\/1"}],"replies":[{"embeddable":true,"href":"https:\/\/www.stubau.at\/sk\/wp-json\/wp\/v2\/comments?post=614"}],"version-history":[{"count":11,"href":"https:\/\/www.stubau.at\/sk\/wp-json\/wp\/v2\/pages\/614\/revisions"}],"predecessor-version":[{"id":1572,"href":"https:\/\/www.stubau.at\/sk\/wp-json\/wp\/v2\/pages\/614\/revisions\/1572"}],"wp:attachment":[{"href":"https:\/\/www.stubau.at\/sk\/wp-json\/wp\/v2\/media?parent=614"}],"curies":[{"name":"wp","href":"https:\/\/api.w.org\/{rel}","templated":true}]}}