{"id":197,"date":"2023-11-10T18:53:02","date_gmt":"2023-11-10T17:53:02","guid":{"rendered":"https:\/\/stubau.at\/?page_id=197"},"modified":"2023-11-27T17:44:55","modified_gmt":"2023-11-27T16:44:55","slug":"nase-prace","status":"publish","type":"page","link":"https:\/\/www.stubau.at\/sk\/nase-prace\/","title":{"rendered":"Na\u0161e pr\u00e1ce"},"content":{"rendered":"<p>[et_pb_section fb_built=&#8220;1&#8243; _builder_version=&#8220;4.23&#8243; _module_preset=&#8220;default&#8220; background_color=&#8220;#323232&#8243; border_width_bottom=&#8220;6px&#8220; border_color_bottom=&#8220;#139CD8&#8243; global_colors_info=&#8220;{}&#8220;][et_pb_row _builder_version=&#8220;4.23&#8243; _module_preset=&#8220;default&#8220; global_colors_info=&#8220;{}&#8220;][et_pb_column type=&#8220;4_4&#8243; _builder_version=&#8220;4.23&#8243; _module_preset=&#8220;default&#8220; global_colors_info=&#8220;{}&#8220;][et_pb_post_title meta=&#8220;off&#8220; featured_image=&#8220;off&#8220; text_color=&#8220;light&#8220; _builder_version=&#8220;4.23&#8243; _module_preset=&#8220;default&#8220; text_orientation=&#8220;center&#8220; global_colors_info=&#8220;{}&#8220;][\/et_pb_post_title][\/et_pb_column][\/et_pb_row][\/et_pb_section][et_pb_section fb_built=&#8220;1&#8243; _builder_version=&#8220;4.23&#8243; _module_preset=&#8220;default&#8220; background_enable_color=&#8220;off&#8220; background_enable_image=&#8220;off&#8220; background_size=&#8220;initial&#8220; background_position=&#8220;bottom_center&#8220; background_repeat=&#8220;repeat-x&#8220; custom_padding=&#8220;||0px|||&#8220; global_colors_info=&#8220;{}&#8220;][et_pb_row _builder_version=&#8220;4.23&#8243; _module_preset=&#8220;default&#8220; global_colors_info=&#8220;{}&#8220;][et_pb_column type=&#8220;4_4&#8243; _builder_version=&#8220;4.23&#8243; _module_preset=&#8220;default&#8220; global_colors_info=&#8220;{}&#8220;][et_pb_text _builder_version=&#8220;4.23.1&#8243; _module_preset=&#8220;default&#8220; text_orientation=&#8220;center&#8220; global_colors_info=&#8220;{}&#8220; custom_padding=&#8220;||1px|||&#8220;]<\/p>\n<h2>Spokojnos\u0165 na\u0161ich klientov je najd\u00f4le\u017eitej\u0161ia<\/h2>\n<p>Na\u0161i klienti su pre n\u00e1s na prvom mieste. V\u017edy sa sna\u017e\u00edme na 100% zrealizova\u0165 v\u0161etky ich predstavy a po\u017eiadavky. \u010eakujeme im za prejaven\u00fa d\u00f4veru a ich pozit\u00edvnu odozvu. Ni\u017e\u0161ie n\u00e1jdete nieko\u013eko uk\u00e1\u017eok na\u0161ich dokon\u010den\u00fdch a odovzdan\u00fdch rekon\u0161trukci\u00ed.<\/p>\n<p>[\/et_pb_text][\/et_pb_column][\/et_pb_row][\/et_pb_section][et_pb_section fb_built=&#8220;1&#8243; _builder_version=&#8220;4.23.1&#8243; _module_preset=&#8220;default&#8220; background_enable_color=&#8220;off&#8220; background_enable_image=&#8220;off&#8220; background_size=&#8220;initial&#8220; background_position=&#8220;bottom_center&#8220; background_repeat=&#8220;repeat-x&#8220; custom_padding=&#8220;||||false|false&#8220; locked=&#8220;off&#8220; global_colors_info=&#8220;{}&#8220;][et_pb_row use_custom_gutter=&#8220;on&#8220; gutter_width=&#8220;2&#8243; make_equal=&#8220;on&#8220; _builder_version=&#8220;4.23.1&#8243; _module_preset=&#8220;default&#8220; max_width=&#8220;80%&#8220; module_alignment=&#8220;center&#8220; global_colors_info=&#8220;{}&#8220;][et_pb_column type=&#8220;4_4&#8243; _builder_version=&#8220;4.23.1&#8243; _module_preset=&#8220;default&#8220; global_colors_info=&#8220;{}&#8220;][et_pb_portfolio fullwidth=&#8220;off&#8220; posts_number=&#8220;100&#8243; show_categories=&#8220;off&#8220; show_pagination=&#8220;off&#8220; zoom_icon_color=&#8220;#FFFFFF&#8220; hover_overlay_color=&#8220;rgba(50,50,50,0.57)&#8220; hover_icon=&#8220;&#xf35a;||fa||900&#8243; _builder_version=&#8220;4.23.1&#8243; _module_preset=&#8220;default&#8220; title_text_align=&#8220;center&#8220; title_font_size_tablet=&#8220;18px&#8220; title_font_size_phone=&#8220;18px&#8220; title_font_size_last_edited=&#8220;on|phone&#8220; border_radii_image=&#8220;on|1px|1px|1px|1px&#8220; global_colors_info=&#8220;{}&#8220;][\/et_pb_portfolio][\/et_pb_column][\/et_pb_row][et_pb_row _builder_version=&#8220;4.23.1&#8243; _module_preset=&#8220;default&#8220; locked=&#8220;off&#8220; global_colors_info=&#8220;{}&#8220;][et_pb_column type=&#8220;4_4&#8243; _builder_version=&#8220;4.23.1&#8243; _module_preset=&#8220;default&#8220; global_colors_info=&#8220;{}&#8220;][et_pb_text _builder_version=&#8220;4.23.1&#8243; _module_preset=&#8220;default&#8220; text_orientation=&#8220;center&#8220; global_colors_info=&#8220;{}&#8220;]<\/p>\n<p>P\u00e1\u010di sa v\u00e1m na\u0161a pr\u00e1ca? Kontaktujte n\u00e1s a <strong>pridajte sa tak k mno\u017estvu na\u0161ich spokojn\u00fdch klientov<\/strong>.<\/p>\n<p>[\/et_pb_text][et_pb_button button_url=&#8220;\/kontakt\/&#8220; button_text=&#8220;Chcem rekon\u0161trukciu od STUBAU&#8220; button_alignment=&#8220;center&#8220; _builder_version=&#8220;4.23.1&#8243; _module_preset=&#8220;default&#8220; global_colors_info=&#8220;{}&#8220;][\/et_pb_button][\/et_pb_column][\/et_pb_row][\/et_pb_section][et_pb_section fb_built=&#8220;1&#8243; _builder_version=&#8220;4.23.1&#8243; _module_preset=&#8220;default&#8220; background_color=&#8220;#F7F7F7&#8243; global_module=&#8220;1189&#8243; saved_tabs=&#8220;all&#8220; global_colors_info=&#8220;{}&#8220;][et_pb_row _builder_version=&#8220;4.23.1&#8243; _module_preset=&#8220;default&#8220; max_width=&#8220;680px&#8220; custom_padding=&#8220;0px||0px|||&#8220; global_colors_info=&#8220;{}&#8220;][et_pb_column type=&#8220;4_4&#8243; _builder_version=&#8220;4.23.1&#8243; _module_preset=&#8220;default&#8220; global_colors_info=&#8220;{}&#8220;][et_pb_text admin_label=&#8220;Text&#8220; _builder_version=&#8220;4.23.1&#8243; _module_preset=&#8220;default&#8220; text_orientation=&#8220;center&#8220; custom_margin=&#8220;||30px||false|false&#8220; global_colors_info=&#8220;{}&#8220;]<\/p>\n<h4>Kontaktujte n\u00e1s a dohodnite si bezplatn\u00fa obhliadku<\/h4>\n<p>[\/et_pb_text][wpforms_selector form_id=&#8220;1164&#8243; _builder_version=&#8220;4.23.1&#8243; _module_preset=&#8220;default&#8220; global_colors_info=&#8220;{}&#8220;][\/wpforms_selector][\/et_pb_column][\/et_pb_row][\/et_pb_section]<\/p>\n","protected":false},"excerpt":{"rendered":"<p>Spokojnos\u0165 na\u0161ich klientov je najd\u00f4le\u017eitej\u0161ia Na\u0161i klienti su pre n\u00e1s na prvom mieste. V\u017edy sa sna\u017e\u00edme na 100% zrealizova\u0165 v\u0161etky ich predstavy a po\u017eiadavky. \u010eakujeme im za prejaven\u00fa d\u00f4veru a ich pozit\u00edvnu odozvu. Ni\u017e\u0161ie n\u00e1jdete nieko\u013eko uk\u00e1\u017eok na\u0161ich dokon\u010den\u00fdch a odovzdan\u00fdch rekon\u0161trukci\u00ed.P\u00e1\u010di sa v\u00e1m na\u0161a pr\u00e1ca? Kontaktujte n\u00e1s a pridajte sa tak k mno\u017estvu na\u0161ich spokojn\u00fdch klientov.Kontaktujte n\u00e1s a dohodnite si bezplatn\u00fa obhliadku<div class=\"et_pb_module wpforms_selector wpforms_selector_0\">\n\t\t\t\t\n\t\t\t\t\n\t\t\t\t\n\t\t\t\t\n\t\t\t\t\n\t\t\t\t\n\t\t\t\t<div class=\"et_pb_module_inner\">\n\t\t\t\t\t<style id=\"wpforms-css-vars-1164\">\n\t\t\t\t#wpforms-1164 {\n\t\t\t\t\n\t\t\t}\n\t\t\t<\/style><div class=\"wpforms-container wpforms-container-full wpforms-render-modern\" id=\"wpforms-1164\"><form id=\"wpforms-form-1164\" class=\"wpforms-validate wpforms-form wpforms-ajax-form\" data-formid=\"1164\" method=\"post\" enctype=\"multipart\/form-data\" action=\"\/sk\/wp-json\/wp\/v2\/pages\/197\" data-token=\"3d0cbf728913fbfcb55cfb8896947761\" data-token-time=\"1777101540\"><noscript class=\"wpforms-error-noscript\">Please enable JavaScript in your browser to complete this form.<\/noscript><div id=\"wpforms-error-noscript\" style=\"display: none;\">Please enable JavaScript in your browser to complete this form.<\/div><div class=\"wpforms-field-container\"><div id=\"wpforms-1164-field_0-container\" class=\"wpforms-field wpforms-field-name\" data-field-id=\"0\"><label class=\"wpforms-field-label\" for=\"wpforms-1164-field_0\">Vor- und Nachname <span class=\"wpforms-required-label\" aria-hidden=\"true\">*<\/span><\/label><input type=\"text\" id=\"wpforms-1164-field_0\" class=\"wpforms-field-large wpforms-field-required\" name=\"wpforms[fields][0]\" aria-errormessage=\"wpforms-1164-field_0-error\" required><\/div><div id=\"wpforms-1164-field_1-container\" class=\"wpforms-field wpforms-field-email\" data-field-id=\"1\"><label class=\"wpforms-field-label\" for=\"wpforms-1164-field_1\">E-Mail <span class=\"wpforms-required-label\" aria-hidden=\"true\">*<\/span><\/label><input type=\"email\" id=\"wpforms-1164-field_1\" class=\"wpforms-field-large wpforms-field-required\" name=\"wpforms[fields][1]\" spellcheck=\"false\" aria-errormessage=\"wpforms-1164-field_1-error\" required><\/div><div id=\"wpforms-1164-field_3-container\" class=\"wpforms-field wpforms-field-text\" data-field-id=\"3\"><label class=\"wpforms-field-label\" for=\"wpforms-1164-field_3\">Telefonnummer <span class=\"wpforms-required-label\" aria-hidden=\"true\">*<\/span><\/label><input type=\"text\" id=\"wpforms-1164-field_3\" class=\"wpforms-field-large wpforms-field-required\" name=\"wpforms[fields][3]\" aria-errormessage=\"wpforms-1164-field_3-error\" required><\/div><div id=\"wpforms-1164-field_4-container\" class=\"wpforms-field wpforms-field-select wpforms-field-select-style-classic\" data-field-id=\"4\"><label class=\"wpforms-field-label\" for=\"wpforms-1164-field_4\">Ich bin an Ihren Dienstleistungen interessiert<\/label><select id=\"wpforms-1164-field_4\" class=\"wpforms-field-large\" name=\"wpforms[fields][4]\"><option value=\"Komplette Renovierung der Innenr\u00e4ume der Wohnung\"  class=\"choice-1 depth-1\"  >Komplette Renovierung der Innenr\u00e4ume der Wohnung<\/option><option value=\"Renovierung der Innenr\u00e4ume des Familienhauses\"  class=\"choice-2 depth-1\"  >Renovierung der Innenr\u00e4ume des Familienhauses<\/option><option value=\"Bad- und Wohnungskernsanierung\"  class=\"choice-3 depth-1\"  >Bad- und Wohnungskernsanierung<\/option><option value=\"Abschlussarbeiten\"  class=\"choice-4 depth-1\"  >Abschlussarbeiten<\/option><\/select><\/div><div id=\"wpforms-1164-field_2-container\" class=\"wpforms-field wpforms-field-textarea\" data-field-id=\"2\"><label class=\"wpforms-field-label\" for=\"wpforms-1164-field_2\">Nachricht <span class=\"wpforms-required-label\" aria-hidden=\"true\">*<\/span><\/label><textarea id=\"wpforms-1164-field_2\" class=\"wpforms-field-large wpforms-field-required\" name=\"wpforms[fields][2]\" aria-errormessage=\"wpforms-1164-field_2-error\" required><\/textarea><\/div><div id=\"wpforms-1164-field_5-container\" class=\"wpforms-field wpforms-field-gdpr-checkbox\" data-field-id=\"5\"><label class=\"wpforms-field-label\">GDPR <span class=\"wpforms-required-label\" aria-hidden=\"true\">*<\/span><\/label><ul id=\"wpforms-1164-field_5\" class=\"wpforms-field-required\"><li class=\"choice-1\"><input type=\"checkbox\" id=\"wpforms-1164-field_5_1\" name=\"wpforms[fields][5][]\" value=\"Ich bin damit einverstanden, dass die Website die gesendeten Informationen zum Zweck der R\u00fcckmeldung zu meiner Nachricht speichert.\" aria-errormessage=\"wpforms-1164-field_5_1-error\" required ><label class=\"wpforms-field-label-inline\" for=\"wpforms-1164-field_5_1\">Ich bin damit einverstanden, dass die Website die gesendeten Informationen zum Zweck der R\u00fcckmeldung zu meiner Nachricht speichert.<\/label><\/li><\/ul><\/div><\/div><!-- .wpforms-field-container --><div class=\"wpforms-recaptcha-container wpforms-is-recaptcha wpforms-is-recaptcha-type-v3\" ><input type=\"hidden\" name=\"wpforms[recaptcha]\" value=\"\"><\/div><div class=\"wpforms-submit-container\" ><input type=\"hidden\" name=\"wpforms[id]\" value=\"1164\"><input type=\"hidden\" name=\"page_title\" value=\"\"><input type=\"hidden\" name=\"page_url\" value=\"https:\/\/www.stubau.at\/sk\/wp-json\/wp\/v2\/pages\/197\"><input type=\"hidden\" name=\"url_referer\" value=\"\"><button type=\"submit\" name=\"wpforms[submit]\" id=\"wpforms-submit-1164\" class=\"wpforms-submit\" data-alt-text=\"Wird gesendet ...\" data-submit-text=\"Absenden\" aria-live=\"assertive\" value=\"wpforms-submit\">Absenden<\/button><img loading=\"lazy\" decoding=\"async\" src=\"https:\/\/www.stubau.at\/wp-content\/plugins\/wpforms-lite\/assets\/images\/submit-spin.svg\" class=\"wpforms-submit-spinner\" style=\"display: none;\" width=\"26\" height=\"26\" alt=\"Loading\"><\/div><\/form><\/div>  <!-- .wpforms-container -->\n\t\t\t\t<\/div>\n\t\t\t<\/div><\/p>\n","protected":false},"author":1,"featured_media":0,"parent":0,"menu_order":0,"comment_status":"closed","ping_status":"closed","template":"","meta":{"_et_pb_use_builder":"on","_et_pb_old_content":"","_et_gb_content_width":"","footnotes":""},"class_list":["post-197","page","type-page","status-publish","hentry"],"_links":{"self":[{"href":"https:\/\/www.stubau.at\/sk\/wp-json\/wp\/v2\/pages\/197","targetHints":{"allow":["GET"]}}],"collection":[{"href":"https:\/\/www.stubau.at\/sk\/wp-json\/wp\/v2\/pages"}],"about":[{"href":"https:\/\/www.stubau.at\/sk\/wp-json\/wp\/v2\/types\/page"}],"author":[{"embeddable":true,"href":"https:\/\/www.stubau.at\/sk\/wp-json\/wp\/v2\/users\/1"}],"replies":[{"embeddable":true,"href":"https:\/\/www.stubau.at\/sk\/wp-json\/wp\/v2\/comments?post=197"}],"version-history":[{"count":14,"href":"https:\/\/www.stubau.at\/sk\/wp-json\/wp\/v2\/pages\/197\/revisions"}],"predecessor-version":[{"id":1319,"href":"https:\/\/www.stubau.at\/sk\/wp-json\/wp\/v2\/pages\/197\/revisions\/1319"}],"wp:attachment":[{"href":"https:\/\/www.stubau.at\/sk\/wp-json\/wp\/v2\/media?parent=197"}],"curies":[{"name":"wp","href":"https:\/\/api.w.org\/{rel}","templated":true}]}}