{"id":188,"date":"2023-11-10T18:10:00","date_gmt":"2023-11-10T17:10:00","guid":{"rendered":"https:\/\/stubau.at\/?page_id=188"},"modified":"2024-01-06T14:40:57","modified_gmt":"2024-01-06T13:40:57","slug":"nase-sluzby","status":"publish","type":"page","link":"https:\/\/www.stubau.at\/sk\/nase-sluzby\/","title":{"rendered":"Na\u0161e slu\u017eby"},"content":{"rendered":"<p>[et_pb_section fb_built=&#8220;1&#8243; _builder_version=&#8220;4.23&#8243; _module_preset=&#8220;default&#8220; background_color=&#8220;#323232&#8243; border_width_bottom=&#8220;6px&#8220; border_color_bottom=&#8220;#139CD8&#8243; global_colors_info=&#8220;{}&#8220;][et_pb_row _builder_version=&#8220;4.23&#8243; _module_preset=&#8220;default&#8220; global_colors_info=&#8220;{}&#8220;][et_pb_column type=&#8220;4_4&#8243; _builder_version=&#8220;4.23&#8243; _module_preset=&#8220;default&#8220; global_colors_info=&#8220;{}&#8220;][et_pb_post_title meta=&#8220;off&#8220; featured_image=&#8220;off&#8220; text_color=&#8220;light&#8220; _builder_version=&#8220;4.23&#8243; _module_preset=&#8220;default&#8220; text_orientation=&#8220;center&#8220; global_colors_info=&#8220;{}&#8220;][\/et_pb_post_title][\/et_pb_column][\/et_pb_row][\/et_pb_section][et_pb_section fb_built=&#8220;1&#8243; _builder_version=&#8220;4.23&#8243; _module_preset=&#8220;default&#8220; background_enable_color=&#8220;off&#8220; background_enable_image=&#8220;off&#8220; background_size=&#8220;initial&#8220; background_position=&#8220;bottom_center&#8220; background_repeat=&#8220;repeat-x&#8220; custom_padding=&#8220;||0px|||&#8220; global_colors_info=&#8220;{}&#8220;][et_pb_row _builder_version=&#8220;4.23&#8243; _module_preset=&#8220;default&#8220; global_colors_info=&#8220;{}&#8220;][et_pb_column type=&#8220;4_4&#8243; _builder_version=&#8220;4.23&#8243; _module_preset=&#8220;default&#8220; global_colors_info=&#8220;{}&#8220;][et_pb_text _builder_version=&#8220;4.23.1&#8243; _module_preset=&#8220;default&#8220; text_orientation=&#8220;center&#8220; global_colors_info=&#8220;{}&#8220;]<\/p>\n<h2>Kompletn\u00e9 rekon\u0161trukcie \u201ena k\u013e\u00fa\u010d\u201c<\/h2>\n<p>Rekon\u0161trukcia interi\u00e9ru bytu alebo domu je ve\u013ek\u00e9 a ur\u010dite aj finan\u010dne n\u00e1ro\u010dn\u00e9 rozhodnutie. Na\u0161im klientom preto garantujeme spo\u013eahlivos\u0165 a profesionalitu vykon\u00e1van\u00fdch pr\u00e1c a pripravenos\u0165 poradi\u0165 a odporu\u010di\u0165 to najlep\u0161ie rie\u0161enie v s\u00falade s ich predstavami a po\u017eiadavkami. M\u00f4\u017eete sa spo\u013eahn\u00fa\u0165, \u017ee dodr\u017e\u00edme v\u0161etky dohodnut\u00e9 term\u00edny a vy si u\u017e po p\u00e1r t\u00fd\u017ed\u0148och budete m\u00f4c\u0165 u\u017e\u00edva\u0165 pohodlie vynoven\u00e9ho inter\u00e9ru.<\/p>\n<p>[\/et_pb_text][\/et_pb_column][\/et_pb_row][\/et_pb_section][et_pb_section fb_built=&#8220;1&#8243; _builder_version=&#8220;4.23&#8243; _module_preset=&#8220;default&#8220; background_enable_color=&#8220;off&#8220; background_enable_image=&#8220;off&#8220; background_size=&#8220;initial&#8220; background_position=&#8220;bottom_center&#8220; background_repeat=&#8220;repeat-x&#8220; custom_padding=&#8220;||40px|||&#8220; locked=&#8220;off&#8220; global_colors_info=&#8220;{}&#8220;][et_pb_row column_structure=&#8220;1_2,1_2&#8243; make_equal=&#8220;on&#8220; module_class=&#8220;stubau_main_two_columns&#8220; _builder_version=&#8220;4.23.4&#8243; _module_preset=&#8220;default&#8220; custom_margin=&#8220;||50px||false|false&#8220; hover_enabled=&#8220;0&#8243; global_colors_info=&#8220;{}&#8220; sticky_enabled=&#8220;0&#8243; custom_padding=&#8220;0px||0px||true|false&#8220;][et_pb_column type=&#8220;1_2&#8243; _builder_version=&#8220;4.23&#8243; _module_preset=&#8220;default&#8220; global_colors_info=&#8220;{}&#8220;][et_pb_image src=&#8220;https:\/\/stubau.at\/wp-content\/uploads\/2023\/10\/uvod-rekonstrukcia-bytu.jpg&#8220; title_text=&#8220;uvod-rekonstrukcia-bytu&#8220; _builder_version=&#8220;4.23.1&#8243; _module_preset=&#8220;default&#8220; border_radii=&#8220;on|1px|1px|1px|1px&#8220; global_colors_info=&#8220;{}&#8220;][\/et_pb_image][\/et_pb_column][et_pb_column type=&#8220;1_2&#8243; _builder_version=&#8220;4.23.1&#8243; _module_preset=&#8220;default&#8220; global_colors_info=&#8220;{}&#8220;][et_pb_text _builder_version=&#8220;4.23.1&#8243; _module_preset=&#8220;default&#8220; global_colors_info=&#8220;{}&#8220;]<\/p>\n<h3>Kompletn\u00e1 rekon\u0161trukcia interi\u00e9ru bytu<\/h3>\n<p>Vyrovnanie stien, mont\u00e1\u017e sadrokart\u00f3nu, ma\u013eovanie, obklady stien v kuchyni a v k\u00fape\u013eni, polo\u017eenie podlahy alebo dla\u017eby v kuchyni a ostatn\u00fdch izb\u00e1ch, prer\u00e1bka jadra. Rekon\u0161trukcie rozvodov elektriny, plynu a vody, mont\u00e1\u017e osvetlenia, at\u010f. Jednoducho v\u0161etko, \u010do potrebujete k renov\u00e1cii v\u00e1\u0161ho bytu.<\/p>\n<p>[\/et_pb_text][et_pb_button button_url=&#8220;\/sk\/kontakt\/&#8220; button_text=&#8220;Chcem nez\u00e1v\u00e4zn\u00fa kalkul\u00e1ciu&#8220; button_alignment=&#8220;left&#8220; button_alignment_tablet=&#8220;left&#8220; button_alignment_phone=&#8220;center&#8220; button_alignment_last_edited=&#8220;on|tablet&#8220; _builder_version=&#8220;4.23.1&#8243; _module_preset=&#8220;default&#8220; locked=&#8220;off&#8220; global_colors_info=&#8220;{}&#8220;][\/et_pb_button][\/et_pb_column][\/et_pb_row][et_pb_row column_structure=&#8220;1_2,1_2&#8243; make_equal=&#8220;on&#8220; disabled_on=&#8220;on|on|off&#8220; _builder_version=&#8220;4.23.1&#8243; _module_preset=&#8220;default&#8220; custom_margin=&#8220;||50px||false|false&#8220; global_colors_info=&#8220;{}&#8220;][et_pb_column type=&#8220;1_2&#8243; _builder_version=&#8220;4.23.1&#8243; _module_preset=&#8220;default&#8220; global_colors_info=&#8220;{}&#8220;][et_pb_text _builder_version=&#8220;4.23.1&#8243; _module_preset=&#8220;default&#8220; text_orientation=&#8220;right&#8220; global_colors_info=&#8220;{}&#8220;]<\/p>\n<h3>Rekon\u0161trukcia interi\u00e9ru rodinn\u00e9ho domu<\/h3>\n<p>\u010ci u\u017e ste investovali do star\u0161ej nehnute\u013enosti alebo len chcete vd\u00fdchnu\u0165 nov\u00fd \u017eivot v\u00e1\u0161mu s\u00fa\u010dasn\u00e9mu interi\u00e9ru, sme tu pre v\u00e1s. Postar\u00e1me sa o kompletn\u00e9 rekon\u0161truk\u010dn\u00e9 pr\u00e1ce a zmodernizovanie interi\u00e9ru, vr\u00e1tane v\u00fdmeny okien, alebo dver\u00ed vo va\u0161om dome.<\/p>\n<p>[\/et_pb_text][et_pb_button button_url=&#8220;\/sk\/kontakt\/&#8220; button_text=&#8220;Chcem nez\u00e1v\u00e4zn\u00fa kalkul\u00e1ciu&#8220; button_alignment=&#8220;right&#8220; _builder_version=&#8220;4.23.1&#8243; _module_preset=&#8220;default&#8220; locked=&#8220;off&#8220; global_colors_info=&#8220;{}&#8220;][\/et_pb_button][\/et_pb_column][et_pb_column type=&#8220;1_2&#8243; _builder_version=&#8220;4.23&#8243; _module_preset=&#8220;default&#8220; global_colors_info=&#8220;{}&#8220;][et_pb_image src=&#8220;https:\/\/stubau.at\/wp-content\/uploads\/2023\/10\/uvod-rekonstrukcia-domu.jpg&#8220; title_text=&#8220;uvod-rekonstrukcia-domu&#8220; _builder_version=&#8220;4.23.1&#8243; _module_preset=&#8220;default&#8220; border_radii=&#8220;on|1px|1px|1px|1px&#8220; global_colors_info=&#8220;{}&#8220;][\/et_pb_image][\/et_pb_column][\/et_pb_row][et_pb_row column_structure=&#8220;1_2,1_2&#8243; make_equal=&#8220;on&#8220; disabled_on=&#8220;off|off|on&#8220; _builder_version=&#8220;4.23.1&#8243; _module_preset=&#8220;default&#8220; custom_margin=&#8220;||50px||false|false&#8220; global_colors_info=&#8220;{}&#8220;][et_pb_column type=&#8220;1_2&#8243; _builder_version=&#8220;4.23&#8243; _module_preset=&#8220;default&#8220; global_colors_info=&#8220;{}&#8220;][et_pb_image src=&#8220;https:\/\/stubau.at\/wp-content\/uploads\/2023\/10\/uvod-rekonstrukcia-domu.jpg&#8220; title_text=&#8220;uvod-rekonstrukcia-domu&#8220; _builder_version=&#8220;4.23.1&#8243; _module_preset=&#8220;default&#8220; border_radii=&#8220;on|1px|1px|1px|1px&#8220; global_colors_info=&#8220;{}&#8220;][\/et_pb_image][\/et_pb_column][et_pb_column type=&#8220;1_2&#8243; _builder_version=&#8220;4.23.1&#8243; _module_preset=&#8220;default&#8220; global_colors_info=&#8220;{}&#8220;][et_pb_text _builder_version=&#8220;4.23.1&#8243; _module_preset=&#8220;default&#8220; global_colors_info=&#8220;{}&#8220;]<\/p>\n<h3>Rekon\u0161trukcia interi\u00e9ru rodinn\u00e9ho domu<\/h3>\n<p>\u010ci u\u017e ste investovali do star\u0161ej nehnute\u013enosti alebo len chcete vd\u00fdchnu\u0165 nov\u00fd \u017eivot v\u00e1\u0161mu s\u00fa\u010dasn\u00e9mu interi\u00e9ru, sme tu pre v\u00e1s. Postar\u00e1me sa o kompletn\u00e9 rekon\u0161truk\u010dn\u00e9 pr\u00e1ce a zmodernizovanie interi\u00e9ru, vr\u00e1tane v\u00fdmeny okien, alebo dver\u00ed vo va\u0161om dome.<\/p>\n<p>[\/et_pb_text][et_pb_button button_url=&#8220;\/sk\/kontakt\/&#8220; button_text=&#8220;Chcem nez\u00e1v\u00e4zn\u00fa kalkul\u00e1ciu&#8220; button_alignment=&#8220;left&#8220; button_alignment_tablet=&#8220;left&#8220; button_alignment_phone=&#8220;center&#8220; button_alignment_last_edited=&#8220;on|phone&#8220; _builder_version=&#8220;4.23.1&#8243; _module_preset=&#8220;default&#8220; locked=&#8220;off&#8220; global_colors_info=&#8220;{}&#8220;][\/et_pb_button][\/et_pb_column][\/et_pb_row][et_pb_row column_structure=&#8220;1_2,1_2&#8243; make_equal=&#8220;on&#8220; disabled_on=&#8220;off|off|off&#8220; _builder_version=&#8220;4.23.1&#8243; _module_preset=&#8220;default&#8220; custom_margin=&#8220;||50px||false|false&#8220; global_colors_info=&#8220;{}&#8220;][et_pb_column type=&#8220;1_2&#8243; _builder_version=&#8220;4.23&#8243; _module_preset=&#8220;default&#8220; global_colors_info=&#8220;{}&#8220;][et_pb_image src=&#8220;https:\/\/stubau.at\/wp-content\/uploads\/2023\/11\/rekonstrukcia-kupelne.webp&#8220; title_text=&#8220;rekonstrukcia-kupelne&#8220; _builder_version=&#8220;4.23.1&#8243; _module_preset=&#8220;default&#8220; border_radii=&#8220;on|1px|1px|1px|1px&#8220; global_colors_info=&#8220;{}&#8220;][\/et_pb_image][\/et_pb_column][et_pb_column type=&#8220;1_2&#8243; _builder_version=&#8220;4.23.1&#8243; _module_preset=&#8220;default&#8220; global_colors_info=&#8220;{}&#8220;][et_pb_text _builder_version=&#8220;4.23&#8243; _module_preset=&#8220;default&#8220; background_enable_color=&#8220;off&#8220; global_colors_info=&#8220;{}&#8220;]<\/p>\n<h3>Rekon\u0161trukcia k\u00fape\u013ene a bytov\u00e9ho jadra<\/h3>\n<p>Modern\u00e1 prer\u00e1bka bytov\u00e9ho jadra je ve\u013emi \u017eiadan\u00e1. Naj\u010dastej\u0161\u00edm d\u00f4vodom je odk\u00fapenie star\u0161ieho panel\u00e1kov\u00e9ho bytu a potreba jeho moderniz\u00e1cie. Pom\u00f4\u017eeme v\u00e1m s rekon\u0161trukciou \u010di u\u017e ide o v\u00e4\u010d\u0161\u00ed byt alebo garz\u00f3nku. Prer\u00e1bka bytov\u00e9ho jadra, k\u00fape\u013ene a WC je prv\u00fdm krokom k modernej\u0161iemu a plnohodnotnej\u0161iemu b\u00fdvaniu.<\/p>\n<p>[\/et_pb_text][et_pb_button button_url=&#8220;\/sk\/kontakt\/&#8220; button_text=&#8220;Chcem nez\u00e1v\u00e4zn\u00fa kalkul\u00e1ciu&#8220; button_alignment=&#8220;left&#8220; button_alignment_tablet=&#8220;left&#8220; button_alignment_phone=&#8220;center&#8220; button_alignment_last_edited=&#8220;on|phone&#8220; _builder_version=&#8220;4.23.1&#8243; _module_preset=&#8220;default&#8220; locked=&#8220;off&#8220; global_colors_info=&#8220;{}&#8220;][\/et_pb_button][\/et_pb_column][\/et_pb_row][et_pb_row column_structure=&#8220;1_2,1_2&#8243; make_equal=&#8220;on&#8220; disabled_on=&#8220;off|off|on&#8220; _builder_version=&#8220;4.23.1&#8243; _module_preset=&#8220;default&#8220; global_colors_info=&#8220;{}&#8220;][et_pb_column type=&#8220;1_2&#8243; _builder_version=&#8220;4.23&#8243; _module_preset=&#8220;default&#8220; global_colors_info=&#8220;{}&#8220;][et_pb_image src=&#8220;https:\/\/stubau.at\/wp-content\/uploads\/2023\/11\/dokoncovacie_prace.webp&#8220; title_text=&#8220;dokoncovacie_prace&#8220; _builder_version=&#8220;4.23.1&#8243; _module_preset=&#8220;default&#8220; border_radii=&#8220;on|1px|1px|1px|1px&#8220; global_colors_info=&#8220;{}&#8220;][\/et_pb_image][\/et_pb_column][et_pb_column type=&#8220;1_2&#8243; _builder_version=&#8220;4.23.1&#8243; _module_preset=&#8220;default&#8220; global_colors_info=&#8220;{}&#8220;][et_pb_text _builder_version=&#8220;4.23.4&#8243; _module_preset=&#8220;default&#8220; background_enable_color=&#8220;off&#8220; global_colors_info=&#8220;{}&#8220;]<\/p>\n<h3>Dokon\u010dovacie pr\u00e1ce<\/h3>\n<p>Ak sa nechcete necha\u0165 obmedzova\u0165 a chcete si zariadi\u0165 b\u00fdvanie pod\u013ea vlastn\u00fdch predst\u00e1v, k\u00fapa a dokon\u010denie holobytu alebo holodomu je jedine\u010dnou pr\u00edle\u017eitos\u0165ou vybudova\u0165 si domov, ktor\u00fd v\u00e1s bude vystihova\u0165 a\u017e do t\u00fdch najmen\u0161\u00edch detailov.<\/p>\n<p>[\/et_pb_text][et_pb_button button_url=&#8220;\/sk\/kontakt\/&#8220; button_text=&#8220;Chcem nez\u00e1v\u00e4zn\u00fa kalkul\u00e1ciu&#8220; button_alignment=&#8220;left&#8220; button_alignment_tablet=&#8220;left&#8220; button_alignment_phone=&#8220;center&#8220; button_alignment_last_edited=&#8220;on|phone&#8220; _builder_version=&#8220;4.23.1&#8243; _module_preset=&#8220;default&#8220; locked=&#8220;off&#8220; global_colors_info=&#8220;{}&#8220;][\/et_pb_button][\/et_pb_column][\/et_pb_row][et_pb_row column_structure=&#8220;1_2,1_2&#8243; make_equal=&#8220;on&#8220; disabled_on=&#8220;on|on|off&#8220; _builder_version=&#8220;4.23.1&#8243; _module_preset=&#8220;default&#8220; global_colors_info=&#8220;{}&#8220;][et_pb_column type=&#8220;1_2&#8243; _builder_version=&#8220;4.23.1&#8243; _module_preset=&#8220;default&#8220; global_colors_info=&#8220;{}&#8220;][et_pb_text _builder_version=&#8220;4.23.4&#8243; _module_preset=&#8220;default&#8220; background_enable_color=&#8220;off&#8220; text_orientation=&#8220;right&#8220; global_colors_info=&#8220;{}&#8220;]<\/p>\n<h3>Dokon\u010dovacie pr\u00e1ce<\/h3>\n<p>Ak sa nechcete necha\u0165 obmedzova\u0165 a chcete si zariadi\u0165 b\u00fdvanie pod\u013ea vlastn\u00fdch predst\u00e1v, k\u00fapa a dokon\u010denie holobytu alebo holodomu je jedine\u010dnou pr\u00edle\u017eitos\u0165ou vybudova\u0165 si domov, ktor\u00fd v\u00e1s bude vystihova\u0165 a\u017e do t\u00fdch najmen\u0161\u00edch detailov.<\/p>\n<p>[\/et_pb_text][et_pb_button button_url=&#8220;\/sk\/kontakt\/&#8220; button_text=&#8220;Chcem nez\u00e1v\u00e4zn\u00fa kalkul\u00e1ciu&#8220; button_alignment=&#8220;right&#8220; button_alignment_tablet=&#8220;left&#8220; button_alignment_phone=&#8220;center&#8220; button_alignment_last_edited=&#8220;on|phone&#8220; _builder_version=&#8220;4.23.1&#8243; _module_preset=&#8220;default&#8220; locked=&#8220;off&#8220; global_colors_info=&#8220;{}&#8220;][\/et_pb_button][\/et_pb_column][et_pb_column type=&#8220;1_2&#8243; _builder_version=&#8220;4.23&#8243; _module_preset=&#8220;default&#8220; global_colors_info=&#8220;{}&#8220;][et_pb_image src=&#8220;https:\/\/stubau.at\/wp-content\/uploads\/2023\/11\/dokoncovacie_prace.webp&#8220; title_text=&#8220;dokoncovacie_prace&#8220; _builder_version=&#8220;4.23.1&#8243; _module_preset=&#8220;default&#8220; border_radii=&#8220;on|1px|1px|1px|1px&#8220; global_colors_info=&#8220;{}&#8220;][\/et_pb_image][\/et_pb_column][\/et_pb_row][\/et_pb_section][et_pb_section fb_built=&#8220;1&#8243; _builder_version=&#8220;4.23.1&#8243; _module_preset=&#8220;default&#8220; background_color=&#8220;#FFFFFF&#8220; background_enable_image=&#8220;off&#8220; background_size=&#8220;initial&#8220; background_position=&#8220;bottom_right&#8220; custom_padding=&#8220;40px||40px||true|false&#8220; global_colors_info=&#8220;{}&#8220;][et_pb_row column_structure=&#8220;1_3,1_3,1_3&#8243; use_custom_gutter=&#8220;on&#8220; gutter_width=&#8220;2&#8243; make_equal=&#8220;on&#8220; _builder_version=&#8220;4.23.1&#8243; _module_preset=&#8220;default&#8220; global_colors_info=&#8220;{}&#8220;][et_pb_column type=&#8220;1_3&#8243; _builder_version=&#8220;4.23.1&#8243; _module_preset=&#8220;default&#8220; global_colors_info=&#8220;{}&#8220;][et_pb_image src=&#8220;https:\/\/stubau.at\/wp-content\/uploads\/2023\/11\/card-omietky.webp&#8220; title_text=&#8220;card-omietky&#8220; _builder_version=&#8220;4.23.1&#8243; _module_preset=&#8220;default&#8220; global_colors_info=&#8220;{}&#8220;][\/et_pb_image][et_pb_text _builder_version=&#8220;4.23.1&#8243; _module_preset=&#8220;default&#8220; global_colors_info=&#8220;{}&#8220;]<\/p>\n<h3>Omietky a mur\u00e1rske pr\u00e1ce<\/h3>\n<p>\u010ci u\u017e pl\u00e1nujete v\u00fdstavbu rodinn\u00e9ho domu, kompletn\u00fa rekon\u0161trukciu bytu alebo len jednoduch\u00fa zmenu dispozi\u010dn\u00e9ho rie\u0161enia va\u0161ej dom\u00e1cnosti, v\u017edy je d\u00f4le\u017eit\u00e9 aby bola murovan\u00e1 \u010das\u0165 uroben\u00e1 naozaj kvalitne.<\/p>\n<p>[\/et_pb_text][\/et_pb_column][et_pb_column type=&#8220;1_3&#8243; _builder_version=&#8220;4.23.1&#8243; _module_preset=&#8220;default&#8220; global_colors_info=&#8220;{}&#8220;][et_pb_image src=&#8220;https:\/\/stubau.at\/wp-content\/uploads\/2023\/11\/card-malovanie.webp&#8220; title_text=&#8220;card-malovanie&#8220; _builder_version=&#8220;4.23.1&#8243; _module_preset=&#8220;default&#8220; global_colors_info=&#8220;{}&#8220;][\/et_pb_image][et_pb_text _builder_version=&#8220;4.23.1&#8243; _module_preset=&#8220;default&#8220; global_colors_info=&#8220;{}&#8220;]<\/p>\n<h3>Ma\u013eovanie a stierkovanie<\/h3>\n<p>Poskytujeme stierkovanie a ma\u013eovanie interi\u00e9rov ako aj exteri\u00e9rov bytov, rodinn\u00fdch domov a nebytov\u00fdch priestorov. Na\u0161i sk\u00fasen\u00ed maliari a natiera\u010di pri pr\u00e1ci pou\u017e\u00edvaj\u00fa tie najnov\u0161ie profesion\u00e1lne materi\u00e1ly, n\u00e1radie a postupy.<\/p>\n<p>[\/et_pb_text][\/et_pb_column][et_pb_column type=&#8220;1_3&#8243; _builder_version=&#8220;4.23.1&#8243; _module_preset=&#8220;default&#8220; global_colors_info=&#8220;{}&#8220;][et_pb_image src=&#8220;https:\/\/stubau.at\/wp-content\/uploads\/2023\/11\/card-podlaha.webp&#8220; title_text=&#8220;card-podlaha&#8220; _builder_version=&#8220;4.23.1&#8243; _module_preset=&#8220;default&#8220; global_colors_info=&#8220;{}&#8220;][\/et_pb_image][et_pb_text _builder_version=&#8220;4.23.4&#8243; _module_preset=&#8220;default&#8220; global_colors_info=&#8220;{}&#8220;]<\/p>\n<h3>Pokl\u00e1dka podlahy a dla\u017eby<\/h3>\n<p>Pl\u00e1vaj\u00face podlahy alebo dla\u017eba s\u00fa st\u00e1le najob\u013e\u00fabenej\u0161ou vo\u013ebou pri v\u00fdbere povrchu do bytu, \u010di domu. V\u010faka na\u0161im sk\u00fasen\u00fdm podlah\u00e1rom si m\u00f4\u017eete u\u017e za kr\u00e1tky \u010das u\u017e\u00edva\u0165 skvel\u00fd pocit z novej podlahy.<\/p>\n<p>[\/et_pb_text][\/et_pb_column][\/et_pb_row][et_pb_row column_structure=&#8220;1_3,1_3,1_3&#8243; use_custom_gutter=&#8220;on&#8220; gutter_width=&#8220;2&#8243; make_equal=&#8220;on&#8220; _builder_version=&#8220;4.23.1&#8243; _module_preset=&#8220;default&#8220; global_colors_info=&#8220;{}&#8220;][et_pb_column type=&#8220;1_3&#8243; _builder_version=&#8220;4.23.1&#8243; _module_preset=&#8220;default&#8220; global_colors_info=&#8220;{}&#8220;][et_pb_image src=&#8220;https:\/\/stubau.at\/wp-content\/uploads\/2023\/11\/card-sadrokarton.webp&#8220; title_text=&#8220;card-sadrokarton&#8220; _builder_version=&#8220;4.23.1&#8243; _module_preset=&#8220;default&#8220; global_colors_info=&#8220;{}&#8220;][\/et_pb_image][et_pb_text _builder_version=&#8220;4.23.1&#8243; _module_preset=&#8220;default&#8220; global_colors_info=&#8220;{}&#8220;]<\/p>\n<h3>Sadrokart\u00f3n<\/h3>\n<p>Vyu\u017e\u00edvanie sadrokart\u00f3nov\u00fdch stropov v stavebn\u00edctve ve\u013emi ob\u013e\u00faben\u00e9. Pou\u017e\u00edva sa pri novostavb\u00e1ch ako aj pri rekon\u0161trukci\u00e1ch star\u0161\u00edch bytov. Naj\u010dastej\u0161ie vyu\u017eitie sadrokart\u00f3nu je na vytvorenie deliacich prie\u010dok, odkladac\u00edch priestorov alebo \u0161tandardn\u00e9 zn\u00ed\u017eenie stropov.<\/p>\n<p>[\/et_pb_text][\/et_pb_column][et_pb_column type=&#8220;1_3&#8243; _builder_version=&#8220;4.23.1&#8243; _module_preset=&#8220;default&#8220; global_colors_info=&#8220;{}&#8220;][et_pb_image src=&#8220;https:\/\/stubau.at\/wp-content\/uploads\/2023\/11\/card-elektro.webp&#8220; title_text=&#8220;card-elektro&#8220; _builder_version=&#8220;4.23.1&#8243; _module_preset=&#8220;default&#8220; global_colors_info=&#8220;{}&#8220;][\/et_pb_image][et_pb_text _builder_version=&#8220;4.23.1&#8243; _module_preset=&#8220;default&#8220; global_colors_info=&#8220;{}&#8220;]<\/p>\n<h3>Elektroin\u0161tala\u010dn\u00e9 pr\u00e1ce<\/h3>\n<p>N\u00e1\u0161 profesion\u00e1lny t\u00edm je plne kvalifikovan\u00fd a vy\u0161kolen\u00fd v problematike elektroin\u0161tal\u00e1ci\u00ed a tak v\u00e1m garantujeme vysok\u00fa kvalitu na\u0161ich elektroin\u0161talat\u00e9rskych pr\u00e1c. Po\u010dn\u00fac jednoduch\u00fdmi z\u00e1sahmi a \u00fapravami a\u017e k \u00fadr\u017ebe a servisu vo v\u00e4\u010d\u0161\u00edch rozsahoch.<\/p>\n<p>[\/et_pb_text][\/et_pb_column][et_pb_column type=&#8220;1_3&#8243; _builder_version=&#8220;4.23.1&#8243; _module_preset=&#8220;default&#8220; global_colors_info=&#8220;{}&#8220;][et_pb_image src=&#8220;https:\/\/stubau.at\/wp-content\/uploads\/2023\/11\/card-voda.webp&#8220; title_text=&#8220;card-voda&#8220; _builder_version=&#8220;4.23.1&#8243; _module_preset=&#8220;default&#8220; global_colors_info=&#8220;{}&#8220;][\/et_pb_image][et_pb_text _builder_version=&#8220;4.23.1&#8243; _module_preset=&#8220;default&#8220; global_colors_info=&#8220;{}&#8220;]<\/p>\n<h3>Vodoin\u0161tal\u00e1cie<\/h3>\n<p>Na vodoin\u0161tala\u010dn\u00e9 pr\u00e1ce sa \u0161pecializujeme u\u017e nieko\u013eko rokov. N\u00e1\u0161 sk\u00fasen\u00fd vodoin\u0161talat\u00e9r sa postar\u00e1 o v\u0161etky va\u0161e po\u017eiadavky a vyu\u017eit\u00edm na\u0161ich profesion\u00e1lnych vodoin\u0161talat\u00e9rskych slu\u017eieb tak u\u0161etr\u00edte a pred\u00eddete neo\u010dak\u00e1van\u00fdm v\u00fddavkom na opravy hav\u00e1rii v bud\u00facnosti.<\/p>\n<p>[\/et_pb_text][\/et_pb_column][\/et_pb_row][\/et_pb_section][et_pb_section fb_built=&#8220;1&#8243; _builder_version=&#8220;4.23.1&#8243; _module_preset=&#8220;default&#8220; background_color=&#8220;#F7F7F7&#8243; global_module=&#8220;1189&#8243; saved_tabs=&#8220;all&#8220; global_colors_info=&#8220;{}&#8220;][et_pb_row _builder_version=&#8220;4.23.4&#8243; _module_preset=&#8220;default&#8220; max_width=&#8220;680px&#8220; custom_padding=&#8220;0px||0px|||&#8220; global_colors_info=&#8220;{}&#8220;][et_pb_column type=&#8220;4_4&#8243; _builder_version=&#8220;4.23.1&#8243; _module_preset=&#8220;default&#8220; global_colors_info=&#8220;{}&#8220;][et_pb_text admin_label=&#8220;Text&#8220; _builder_version=&#8220;4.23.1&#8243; _module_preset=&#8220;default&#8220; text_orientation=&#8220;center&#8220; custom_margin=&#8220;||30px||false|false&#8220; global_colors_info=&#8220;{}&#8220;]<\/p>\n<h4>Kontaktujte n\u00e1s a dohodnite si bezplatn\u00fa obhliadku<\/h4>\n<p>[\/et_pb_text][wpforms_selector form_id=&#8220;1467&#8243; _builder_version=&#8220;4.23.4&#8243; _module_preset=&#8220;default&#8220; global_colors_info=&#8220;{}&#8220;][\/wpforms_selector][\/et_pb_column][\/et_pb_row][\/et_pb_section]<\/p>\n","protected":false},"excerpt":{"rendered":"<p>Kompletn\u00e9 rekon\u0161trukcie \u201ena k\u013e\u00fa\u010d\u201c Rekon\u0161trukcia interi\u00e9ru bytu alebo domu je ve\u013ek\u00e9 a ur\u010dite aj finan\u010dne n\u00e1ro\u010dn\u00e9 rozhodnutie. Na\u0161im klientom preto garantujeme spo\u013eahlivos\u0165 a profesionalitu vykon\u00e1van\u00fdch pr\u00e1c a pripravenos\u0165 poradi\u0165 a odporu\u010di\u0165 to najlep\u0161ie rie\u0161enie v s\u00falade s ich predstavami a po\u017eiadavkami. M\u00f4\u017eete sa spo\u013eahn\u00fa\u0165, \u017ee dodr\u017e\u00edme v\u0161etky dohodnut\u00e9 term\u00edny a vy si u\u017e po p\u00e1r t\u00fd\u017ed\u0148och budete m\u00f4c\u0165 u\u017e\u00edva\u0165 pohodlie vynoven\u00e9ho inter\u00e9ru.Kompletn\u00e1 rekon\u0161trukcia interi\u00e9ru bytu Vyrovnanie stien, mont\u00e1\u017e sadrokart\u00f3nu, ma\u013eovanie, obklady stien v kuchyni a v k\u00fape\u013eni, polo\u017eenie podlahy alebo dla\u017eby v kuchyni a ostatn\u00fdch izb\u00e1ch, prer\u00e1bka jadra. Rekon\u0161trukcie rozvodov elektriny, plynu a vody, mont\u00e1\u017e osvetlenia, at\u010f. Jednoducho v\u0161etko, \u010do potrebujete k renov\u00e1cii v\u00e1\u0161ho bytu.Rekon\u0161trukcia interi\u00e9ru rodinn\u00e9ho domu \u010ci u\u017e ste investovali do star\u0161ej nehnute\u013enosti alebo len chcete vd\u00fdchnu\u0165 nov\u00fd \u017eivot v\u00e1\u0161mu s\u00fa\u010dasn\u00e9mu interi\u00e9ru, sme tu pre v\u00e1s. Postar\u00e1me sa o kompletn\u00e9 rekon\u0161truk\u010dn\u00e9 pr\u00e1ce a zmodernizovanie interi\u00e9ru, vr\u00e1tane v\u00fdmeny okien, alebo dver\u00ed vo va\u0161om dome.Rekon\u0161trukcia interi\u00e9ru rodinn\u00e9ho domu \u010ci u\u017e ste investovali do star\u0161ej nehnute\u013enosti alebo len chcete vd\u00fdchnu\u0165 nov\u00fd \u017eivot v\u00e1\u0161mu s\u00fa\u010dasn\u00e9mu interi\u00e9ru, sme tu pre v\u00e1s. Postar\u00e1me sa o kompletn\u00e9 rekon\u0161truk\u010dn\u00e9 pr\u00e1ce a zmodernizovanie interi\u00e9ru, vr\u00e1tane v\u00fdmeny okien, alebo dver\u00ed vo va\u0161om dome.Rekon\u0161trukcia k\u00fape\u013ene a bytov\u00e9ho jadra Modern\u00e1 prer\u00e1bka bytov\u00e9ho jadra je ve\u013emi \u017eiadan\u00e1. Naj\u010dastej\u0161\u00edm d\u00f4vodom je odk\u00fapenie [&hellip;]<\/p>\n","protected":false},"author":1,"featured_media":0,"parent":0,"menu_order":0,"comment_status":"closed","ping_status":"closed","template":"","meta":{"_et_pb_use_builder":"on","_et_pb_old_content":"","_et_gb_content_width":"","footnotes":""},"class_list":["post-188","page","type-page","status-publish","hentry"],"_links":{"self":[{"href":"https:\/\/www.stubau.at\/sk\/wp-json\/wp\/v2\/pages\/188","targetHints":{"allow":["GET"]}}],"collection":[{"href":"https:\/\/www.stubau.at\/sk\/wp-json\/wp\/v2\/pages"}],"about":[{"href":"https:\/\/www.stubau.at\/sk\/wp-json\/wp\/v2\/types\/page"}],"author":[{"embeddable":true,"href":"https:\/\/www.stubau.at\/sk\/wp-json\/wp\/v2\/users\/1"}],"replies":[{"embeddable":true,"href":"https:\/\/www.stubau.at\/sk\/wp-json\/wp\/v2\/comments?post=188"}],"version-history":[{"count":25,"href":"https:\/\/www.stubau.at\/sk\/wp-json\/wp\/v2\/pages\/188\/revisions"}],"predecessor-version":[{"id":1557,"href":"https:\/\/www.stubau.at\/sk\/wp-json\/wp\/v2\/pages\/188\/revisions\/1557"}],"wp:attachment":[{"href":"https:\/\/www.stubau.at\/sk\/wp-json\/wp\/v2\/media?parent=188"}],"curies":[{"name":"wp","href":"https:\/\/api.w.org\/{rel}","templated":true}]}}